{"id":350,"date":"2021-02-18T21:26:25","date_gmt":"2021-02-18T20:26:25","guid":{"rendered":"https:\/\/dev.andreaschlager.com\/privacy-policy\/"},"modified":"2022-02-15T18:46:14","modified_gmt":"2022-02-15T17:46:14","slug":"privacy-policy","status":"publish","type":"page","link":"https:\/\/www.andreaschlager.com\/en\/privacy-policy\/","title":{"rendered":"Datenschutzerkl\u00e4rung"},"content":{"rendered":"<p>[vc_row css_animation=&#8221;&#8221; row_type=&#8221;row&#8221; use_row_as_full_screen_section=&#8221;no&#8221; type=&#8221;full_width&#8221; angled_section=&#8221;no&#8221; text_align=&#8221;left&#8221; background_image_as_pattern=&#8221;without_pattern&#8221;][vc_column][vc_column_text]<\/p>\n<h3>HAFTUNGSHINWEIS<\/h3>\n<p>Die Informationen der Website werden st\u00e4ndig kontrolliert. Trotz genauer Pr\u00fcfung k\u00f6nnten sich die Daten inzwischen ver\u00e4ndert haben. Eine Haftung oder Garantie f\u00fcr die Aktualit\u00e4t, Richtigkeit und Vollst\u00e4ndigkeit der zur Verf\u00fcgung gestellten Informationen kann daher nicht \u00fcbernommen werden. Es wird insbesondere keine inhaltliche oder rechtliche Verantwortung \u00fcbernommen f\u00fcr Informationsanbieter, auf die aus Texten bzw. Linkverzeichnissen von www.andreaschlager.com via Hyperlinks verwiesen wird.<\/p>\n<p>Inhalt, Photos und Struktur von www.andreaschlager.com sind urheberrechtlich gesch\u00fctzt. Die Vervielf\u00e4ltigung von Informationen, insbesondere die Verwendung von Texten, Textteilen oder Bildmaterial, bedarf der vorherigen Zustimmung.<\/p>\n<h3>RECHTLICHER HINWEIS<\/h3>\n<p>Im Hinblick auf die technischen Eigenschaften des Internets kann keine Gew\u00e4hr f\u00fcr die Authentizit\u00e4t, Richtigkeit und Vollst\u00e4ndigkeit der im Internet zur Verf\u00fcgung gestellten Informationen \u00fcbernommen werden. Es wird auch keine Gew\u00e4hr f\u00fcr die Verf\u00fcgbarkeit oder den Betrieb der gegenst\u00e4ndlichen Webseite und ihrer Inhalte \u00fcbernommen.<\/p>\n<p>Jede Haftung f\u00fcr unmittelbare, mittelbare oder sonstige Sch\u00e4den, unabh\u00e4ngig von deren Ursachen, die aus der Benutzung oder Nichtverf\u00fcgbarkeit der Daten und Informationen dieser Homepage erwachsen, wird, soweit rechtlich zul\u00e4ssig, ausgeschlossen. Unser Angebot enth\u00e4lt Links zu externen Webseiten Dritter, auf deren Inhalte wir keinen Einfluss haben. Deshalb k\u00f6nnen wir f\u00fcr diese fremden Inhalte auch keine Gew\u00e4hr \u00fcbernehmen. F\u00fcr die Inhalte der verlinkten Seiten ist stets der jeweilige Anbieter oder Betreiber der Seiten verantwortlich. Die verlinkten Seiten wurden zum Zeitpunkt der Verlinkung auf m\u00f6gliche Rechtsverst\u00f6\u00dfe \u00fcberpr\u00fcft. Rechtswidrige Inhalte waren zum Zeitpunkt der Verlinkung nicht erkennbar. Der Inhalt dieser Webseite ist urheberrechtlich gesch\u00fctzt.<\/p>\n<h3>GOOGLE ANALYTICS<\/h3>\n<p>Diese Website benutzt Google Analytics, einen Webanalysedienst der Google Inc. (\u201eGoogle\u201c). Google Analytics verwendet sog. \u201eCookies\u201c, Textdateien, die auf Ihrem Computer gespeichert werden und die eine Analyse der Benutzung der Website durch Sie erm\u00f6glichen. Die durch den Cookie erzeugten Informationen \u00fcber Ihre Benutzung dieser Website (einschlie\u00dflich Ihrer IP-Adresse) werden an einen Server von Google in den USA \u00fcbertragen und dort gespeichert. Google wird diese Informationen benutzen, um Ihre Nutzung der Website auszuwerten, um Reports \u00fcber die Websiteaktivit\u00e4ten f\u00fcr die Websitebetreiber zusammenzustellen und um weitere mit der Websitenutzung und der Internetnutzung verbundene Dienstleistungen zu erbringen. Auch wird Google diese Informationen gegebenenfalls an Dritte \u00fcbertragen, sofern dies gesetzlich vorgeschrieben oder soweit Dritte diese Daten im Auftrag von Google verarbeiten. Google wird in keinem Fall Ihre IP-Adresse mit anderen Daten von Google in Verbindung bringen. Sie k\u00f6nnen die Installation der Cookies durch eine entsprechende Einstellung Ihrer Browser Software verhindern; wir weisen Sie jedoch darauf hin, dass Sie in diesem Fall gegebenenfalls nicht s\u00e4mtliche Funktionen dieser Website vollumf\u00e4nglich nutzen k\u00f6nnen. Durch die Nutzung dieser Website erkl\u00e4ren Sie sich mit der Bearbeitung der \u00fcber Sie erhobenen Daten durch Google in der zuvor beschriebenen Art und Weise und zu dem zuvor benannten Zweck einverstanden.<\/p>\n<h3>ERKL\u00c4RUNG ZUR INFORMATIONSPFLICHT \u2013 DATENSCHUTZERKL\u00c4RUNG<\/h3>\n<p>Der Schutz Ihrer pers\u00f6nlichen Daten ist uns ein besonderes Anliegen. Wir verarbeiten Ihre Daten daher ausschlie\u00dflich auf Grundlage der gesetzlichen Bestimmungen (DSGVO, TKG 2003). In diesen Datenschutzinformationen informieren wir Sie \u00fcber die wichtigsten Aspekte der Datenverarbeitung im Rahmen unserer Website.<\/p>\n<h3>KONTAKT MIT UNS<\/h3>\n<p>Wenn Sie per E-Mail Kontakt mit uns aufnehmen, werden Ihre angegebenen Daten zwecks Bearbeitung der Anfrage und f\u00fcr den Fall von Anschlussfragen sechs Monate bei uns gespeichert. Diese Daten geben wir nicht ohne Ihre Einwilligung weiter.<\/p>\n<h3>COOKIES<\/h3>\n<p>Unsere Website verwendet so genannte Cookies. Dabei handelt es sich um kleine Textdateien, die mit Hilfe des Browsers auf Ihrem Endger\u00e4t abgelegt werden. Sie richten keinen Schaden an.<\/p>\n<p>Wir nutzen Cookies dazu, unser Angebot nutzerfreundlich zu gestalten. Einige Cookies bleiben auf Ihrem Endger\u00e4t gespeichert, bis Sie diese l\u00f6schen. Sie erm\u00f6glichen es uns, Ihren Browser beim n\u00e4chsten Besuch wiederzuerkennen.<br \/>\nWenn Sie dies nicht w\u00fcnschen, so k\u00f6nnen Sie Ihren Browser so einrichten, dass er Sie \u00fcber das Setzen von Cookies informiert und Sie dies nur im Einzelfall erlauben.<br \/>\nBei der Deaktivierung von Cookies kann die Funktionalit\u00e4t unserer Website eingeschr\u00e4nkt sein.<\/p>\n<h3>WEB-ANALYSE<\/h3>\n<p>Unsere Website verwendet Funktionen des Webanalysedienstes wie z.B.: Google Analytics. Dazu werden Cookies verwendet, die eine Analyse der Benutzung der Website durch Ihre Benutzer erm\u00f6glicht. Die dadurch erzeugten Informationen werden auf den Server des Anbieters \u00fcbertragen und dort gespeichert.<\/p>\n<p>Sie k\u00f6nnen dies verhindern, indem Sie Ihren Browser so einrichten, dass keine Cookies gespeichert werden.<br \/>\nWir haben mit dem Anbieter einen entsprechenden Vertrag zur Auftragsdatenverarbeitung abgeschlossen.<br \/>\nDie Datenverarbeitung erfolgt auf Basis der gesetzlichen Bestimmungen des \u00a7 96 Abs 3 TKG sowie des Art 6 Abs 1 lit a (Einwilligung) und\/oder f (berechtigtes Interesse) der DSGVO.<\/p>\n<p>Unser Anliegen im Sinne der DSGVO (berechtigtes Interesse) ist die Verbesserung unseres Angebotes und unseres Webauftritts. Da uns die Privatsph\u00e4re unserer Nutzer wichtig ist, werden die Nutzerdaten pseudonymisiert.<\/p>\n<p>Die Nutzerdaten werden f\u00fcr die Dauer von 12 Monaten aufbewahrt.<\/p>\n<h3>NEWSLETTER<\/h3>\n<p>Sie haben die M\u00f6glichkeit, \u00fcber unsere Website unseren Newsletter zu abonnieren. Hierf\u00fcr ben\u00f6tigen wir Ihre E-Mail-Adresse und ihre Erkl\u00e4rung, dass Sie mit dem Bezug des Newsletters einverstanden sind.<\/p>\n<p>Um Sie zielgerichtet mit Informationen zu versorgen, erheben und verarbeiten wir au\u00dferdem freiwillig gemachte Angaben zu Interessengebieten, Geburtstag und Postleitzahl.<\/p>\n<p>Sobald Sie sich f\u00fcr den Newsletter angemeldet haben, senden wir Ihnen ein Best\u00e4tigungs-E-Mail mit einem Link zur Best\u00e4tigung der Anmeldung.<\/p>\n<p>Das Abo des Newsletters k\u00f6nnen Sie jederzeit stornieren. Senden Sie Ihre Stornierung bitte an folgende E-Mail-Adresse: info@andreaschlager.com. Wir l\u00f6schen anschlie\u00dfend umgehend Ihre Daten im Zusammenhang mit dem Newsletter-Versand.<\/p>\n<h3>IHRE RECHTE<\/h3>\n<p>Ihnen stehen grunds\u00e4tzlich die Rechte auf Auskunft, Berichtigung, L\u00f6schung, Einschr\u00e4nkung, Daten\u00fcbertragbarkeit, Widerruf und Widerspruch zu. Wenn Sie glauben, dass die Verarbeitung Ihrer Daten gegen das Datenschutzrecht verst\u00f6\u00dft oder Ihre datenschutzrechtlichen Anspr\u00fcche sonst in einer Weise verletzt worden sind, k\u00f6nnen Sie sich bei der Aufsichtsbeh\u00f6rde beschweren. In \u00d6sterreich ist dies die Datenschutzbeh\u00f6rde.<\/p>\n<p>Sie erreichen uns unter folgenden Kontaktdaten:<br \/>\n<a href=\"mailto:info@andreaschlager.com\">info@andreaschlager.com<\/a>[\/vc_column_text][vc_empty_space height=&#8221;120&#8243;][\/vc_column][\/vc_row]<\/p>\n","protected":false},"excerpt":{"rendered":"<p>[vc_row css_animation=&#8221;&#8221; row_type=&#8221;row&#8221; use_row_as_full_screen_section=&#8221;no&#8221; type=&#8221;full_width&#8221; angled_section=&#8221;no&#8221; text_align=&#8221;left&#8221; background_image_as_pattern=&#8221;without_pattern&#8221;][vc_column][vc_column_text] HAFTUNGSHINWEIS Die Informationen der Website werden st\u00e4ndig kontrolliert. Trotz genauer Pr\u00fcfung k\u00f6nnten sich die Daten inzwischen ver\u00e4ndert haben. Eine Haftung oder Garantie f\u00fcr die Aktualit\u00e4t, Richtigkeit und Vollst\u00e4ndigkeit der zur Verf\u00fcgung gestellten Informationen kann daher nicht \u00fcbernommen&#8230;<\/p>\n","protected":false},"author":3,"featured_media":0,"parent":0,"menu_order":2,"comment_status":"closed","ping_status":"closed","template":"","meta":{"footnotes":""},"class_list":["post-350","page","type-page","status-publish","hentry"],"yoast_head":"<!-- This site is optimized with the Yoast SEO plugin v27.5 - https:\/\/yoast.com\/product\/yoast-seo-wordpress\/ -->\n<title>Datenschutzerkl\u00e4rung - Andrea Schlager<\/title>\n<meta name=\"robots\" content=\"index, follow, max-snippet:-1, max-image-preview:large, max-video-preview:-1\" \/>\n<link rel=\"canonical\" href=\"https:\/\/www.andreaschlager.com\/en\/privacy-policy\/\" \/>\n<meta property=\"og:locale\" content=\"en_US\" \/>\n<meta property=\"og:type\" content=\"article\" \/>\n<meta property=\"og:title\" content=\"Datenschutzerkl\u00e4rung - Andrea Schlager\" \/>\n<meta property=\"og:description\" content=\"[vc_row css_animation=&#8221;&#8221; row_type=&#8221;row&#8221; use_row_as_full_screen_section=&#8221;no&#8221; type=&#8221;full_width&#8221; angled_section=&#8221;no&#8221; text_align=&#8221;left&#8221; background_image_as_pattern=&#8221;without_pattern&#8221;][vc_column][vc_column_text] HAFTUNGSHINWEIS Die Informationen der Website werden st\u00e4ndig kontrolliert. Trotz genauer Pr\u00fcfung k\u00f6nnten sich die Daten inzwischen ver\u00e4ndert haben. Eine Haftung oder Garantie f\u00fcr die Aktualit\u00e4t, Richtigkeit und Vollst\u00e4ndigkeit der zur Verf\u00fcgung gestellten Informationen kann daher nicht \u00fcbernommen...\" \/>\n<meta property=\"og:url\" content=\"https:\/\/www.andreaschlager.com\/en\/privacy-policy\/\" \/>\n<meta property=\"og:site_name\" content=\"Andrea Schlager\" \/>\n<meta property=\"article:publisher\" content=\"https:\/\/www.facebook.com\/andrea.m.schlager\" \/>\n<meta property=\"article:modified_time\" content=\"2022-02-15T17:46:14+00:00\" \/>\n<meta name=\"twitter:card\" content=\"summary_large_image\" \/>\n<meta name=\"twitter:label1\" content=\"Est. reading time\" \/>\n\t<meta name=\"twitter:data1\" content=\"5 minutes\" \/>\n<script type=\"application\/ld+json\" class=\"yoast-schema-graph\">{\"@context\":\"https:\\\/\\\/schema.org\",\"@graph\":[{\"@type\":\"WebPage\",\"@id\":\"https:\\\/\\\/www.andreaschlager.com\\\/en\\\/privacy-policy\\\/\",\"url\":\"https:\\\/\\\/www.andreaschlager.com\\\/en\\\/privacy-policy\\\/\",\"name\":\"Datenschutzerkl\u00e4rung - Andrea Schlager\",\"isPartOf\":{\"@id\":\"https:\\\/\\\/www.andreaschlager.com\\\/#website\"},\"datePublished\":\"2021-02-18T20:26:25+00:00\",\"dateModified\":\"2022-02-15T17:46:14+00:00\",\"breadcrumb\":{\"@id\":\"https:\\\/\\\/www.andreaschlager.com\\\/en\\\/privacy-policy\\\/#breadcrumb\"},\"inLanguage\":\"en-US\",\"potentialAction\":[{\"@type\":\"ReadAction\",\"target\":[\"https:\\\/\\\/www.andreaschlager.com\\\/en\\\/privacy-policy\\\/\"]}]},{\"@type\":\"BreadcrumbList\",\"@id\":\"https:\\\/\\\/www.andreaschlager.com\\\/en\\\/privacy-policy\\\/#breadcrumb\",\"itemListElement\":[{\"@type\":\"ListItem\",\"position\":1,\"name\":\"Startseite\",\"item\":\"https:\\\/\\\/www.andreaschlager.com\\\/en\\\/home-2\\\/\"},{\"@type\":\"ListItem\",\"position\":2,\"name\":\"Datenschutzerkl\u00e4rung\"}]},{\"@type\":\"WebSite\",\"@id\":\"https:\\\/\\\/www.andreaschlager.com\\\/#website\",\"url\":\"https:\\\/\\\/www.andreaschlager.com\\\/\",\"name\":\"Andrea Schlager | Event-, TV- und Sportmoderation\",\"description\":\"Event-, TV- und Sportmoderation\",\"publisher\":{\"@id\":\"https:\\\/\\\/www.andreaschlager.com\\\/#\\\/schema\\\/person\\\/15fcb075bf0e62b0d924412fb0744edb\"},\"potentialAction\":[{\"@type\":\"SearchAction\",\"target\":{\"@type\":\"EntryPoint\",\"urlTemplate\":\"https:\\\/\\\/www.andreaschlager.com\\\/?s={search_term_string}\"},\"query-input\":{\"@type\":\"PropertyValueSpecification\",\"valueRequired\":true,\"valueName\":\"search_term_string\"}}],\"inLanguage\":\"en-US\"},{\"@type\":[\"Person\",\"Organization\"],\"@id\":\"https:\\\/\\\/www.andreaschlager.com\\\/#\\\/schema\\\/person\\\/15fcb075bf0e62b0d924412fb0744edb\",\"name\":\"Andrea Schlager\",\"image\":{\"@type\":\"ImageObject\",\"inLanguage\":\"en-US\",\"@id\":\"https:\\\/\\\/secure.gravatar.com\\\/avatar\\\/e7fd5921c2678986ed5f82d6acc2d6eedd5955c02f960a4b23646377601013f6?s=96&d=mm&r=g\",\"url\":\"https:\\\/\\\/secure.gravatar.com\\\/avatar\\\/e7fd5921c2678986ed5f82d6acc2d6eedd5955c02f960a4b23646377601013f6?s=96&d=mm&r=g\",\"contentUrl\":\"https:\\\/\\\/secure.gravatar.com\\\/avatar\\\/e7fd5921c2678986ed5f82d6acc2d6eedd5955c02f960a4b23646377601013f6?s=96&d=mm&r=g\",\"caption\":\"Andrea Schlager\"},\"logo\":{\"@id\":\"https:\\\/\\\/secure.gravatar.com\\\/avatar\\\/e7fd5921c2678986ed5f82d6acc2d6eedd5955c02f960a4b23646377601013f6?s=96&d=mm&r=g\"},\"sameAs\":[\"http:\\\/\\\/andreaschlager.com\",\"https:\\\/\\\/www.facebook.com\\\/andrea.m.schlager\",\"https:\\\/\\\/www.instagram.com\\\/andrea.m.schlager\\\/\",\"https:\\\/\\\/www.linkedin.com\\\/in\\\/andrea-schlager-218ba313b\"]}]}<\/script>\n<!-- \/ Yoast SEO plugin. -->","yoast_head_json":{"title":"Datenschutzerkl\u00e4rung - Andrea Schlager","robots":{"index":"index","follow":"follow","max-snippet":"max-snippet:-1","max-image-preview":"max-image-preview:large","max-video-preview":"max-video-preview:-1"},"canonical":"https:\/\/www.andreaschlager.com\/en\/privacy-policy\/","og_locale":"en_US","og_type":"article","og_title":"Datenschutzerkl\u00e4rung - Andrea Schlager","og_description":"[vc_row css_animation=&#8221;&#8221; row_type=&#8221;row&#8221; use_row_as_full_screen_section=&#8221;no&#8221; type=&#8221;full_width&#8221; angled_section=&#8221;no&#8221; text_align=&#8221;left&#8221; background_image_as_pattern=&#8221;without_pattern&#8221;][vc_column][vc_column_text] HAFTUNGSHINWEIS Die Informationen der Website werden st\u00e4ndig kontrolliert. Trotz genauer Pr\u00fcfung k\u00f6nnten sich die Daten inzwischen ver\u00e4ndert haben. Eine Haftung oder Garantie f\u00fcr die Aktualit\u00e4t, Richtigkeit und Vollst\u00e4ndigkeit der zur Verf\u00fcgung gestellten Informationen kann daher nicht \u00fcbernommen...","og_url":"https:\/\/www.andreaschlager.com\/en\/privacy-policy\/","og_site_name":"Andrea Schlager","article_publisher":"https:\/\/www.facebook.com\/andrea.m.schlager","article_modified_time":"2022-02-15T17:46:14+00:00","twitter_card":"summary_large_image","twitter_misc":{"Est. reading time":"5 minutes"},"schema":{"@context":"https:\/\/schema.org","@graph":[{"@type":"WebPage","@id":"https:\/\/www.andreaschlager.com\/en\/privacy-policy\/","url":"https:\/\/www.andreaschlager.com\/en\/privacy-policy\/","name":"Datenschutzerkl\u00e4rung - Andrea Schlager","isPartOf":{"@id":"https:\/\/www.andreaschlager.com\/#website"},"datePublished":"2021-02-18T20:26:25+00:00","dateModified":"2022-02-15T17:46:14+00:00","breadcrumb":{"@id":"https:\/\/www.andreaschlager.com\/en\/privacy-policy\/#breadcrumb"},"inLanguage":"en-US","potentialAction":[{"@type":"ReadAction","target":["https:\/\/www.andreaschlager.com\/en\/privacy-policy\/"]}]},{"@type":"BreadcrumbList","@id":"https:\/\/www.andreaschlager.com\/en\/privacy-policy\/#breadcrumb","itemListElement":[{"@type":"ListItem","position":1,"name":"Startseite","item":"https:\/\/www.andreaschlager.com\/en\/home-2\/"},{"@type":"ListItem","position":2,"name":"Datenschutzerkl\u00e4rung"}]},{"@type":"WebSite","@id":"https:\/\/www.andreaschlager.com\/#website","url":"https:\/\/www.andreaschlager.com\/","name":"Andrea Schlager | Event-, TV- und Sportmoderation","description":"Event-, TV- und Sportmoderation","publisher":{"@id":"https:\/\/www.andreaschlager.com\/#\/schema\/person\/15fcb075bf0e62b0d924412fb0744edb"},"potentialAction":[{"@type":"SearchAction","target":{"@type":"EntryPoint","urlTemplate":"https:\/\/www.andreaschlager.com\/?s={search_term_string}"},"query-input":{"@type":"PropertyValueSpecification","valueRequired":true,"valueName":"search_term_string"}}],"inLanguage":"en-US"},{"@type":["Person","Organization"],"@id":"https:\/\/www.andreaschlager.com\/#\/schema\/person\/15fcb075bf0e62b0d924412fb0744edb","name":"Andrea Schlager","image":{"@type":"ImageObject","inLanguage":"en-US","@id":"https:\/\/secure.gravatar.com\/avatar\/e7fd5921c2678986ed5f82d6acc2d6eedd5955c02f960a4b23646377601013f6?s=96&d=mm&r=g","url":"https:\/\/secure.gravatar.com\/avatar\/e7fd5921c2678986ed5f82d6acc2d6eedd5955c02f960a4b23646377601013f6?s=96&d=mm&r=g","contentUrl":"https:\/\/secure.gravatar.com\/avatar\/e7fd5921c2678986ed5f82d6acc2d6eedd5955c02f960a4b23646377601013f6?s=96&d=mm&r=g","caption":"Andrea Schlager"},"logo":{"@id":"https:\/\/secure.gravatar.com\/avatar\/e7fd5921c2678986ed5f82d6acc2d6eedd5955c02f960a4b23646377601013f6?s=96&d=mm&r=g"},"sameAs":["http:\/\/andreaschlager.com","https:\/\/www.facebook.com\/andrea.m.schlager","https:\/\/www.instagram.com\/andrea.m.schlager\/","https:\/\/www.linkedin.com\/in\/andrea-schlager-218ba313b"]}]}},"_links":{"self":[{"href":"https:\/\/www.andreaschlager.com\/en\/wp-json\/wp\/v2\/pages\/350","targetHints":{"allow":["GET"]}}],"collection":[{"href":"https:\/\/www.andreaschlager.com\/en\/wp-json\/wp\/v2\/pages"}],"about":[{"href":"https:\/\/www.andreaschlager.com\/en\/wp-json\/wp\/v2\/types\/page"}],"author":[{"embeddable":true,"href":"https:\/\/www.andreaschlager.com\/en\/wp-json\/wp\/v2\/users\/3"}],"replies":[{"embeddable":true,"href":"https:\/\/www.andreaschlager.com\/en\/wp-json\/wp\/v2\/comments?post=350"}],"version-history":[{"count":10,"href":"https:\/\/www.andreaschlager.com\/en\/wp-json\/wp\/v2\/pages\/350\/revisions"}],"predecessor-version":[{"id":752,"href":"https:\/\/www.andreaschlager.com\/en\/wp-json\/wp\/v2\/pages\/350\/revisions\/752"}],"wp:attachment":[{"href":"https:\/\/www.andreaschlager.com\/en\/wp-json\/wp\/v2\/media?parent=350"}],"curies":[{"name":"wp","href":"https:\/\/api.w.org\/{rel}","templated":true}]}}